{"id":13799,"date":"2024-04-29T11:44:25","date_gmt":"2024-04-29T09:44:25","guid":{"rendered":"https:\/\/rapport-valais.ch\/?page_id=13799"},"modified":"2026-04-30T11:55:31","modified_gmt":"2026-04-30T09:55:31","slug":"accueil","status":"publish","type":"page","link":"https:\/\/rapport-valais.ch\/fr\/","title":{"rendered":"Accueil"},"content":{"rendered":"\t\t<div data-elementor-type=\"wp-page\" data-elementor-id=\"13799\" class=\"elementor elementor-13799\" data-elementor-post-type=\"page\">\n\t\t\t\t<div class=\"elementor-element elementor-element-0ebb6ea e-flex e-con-boxed e-con e-parent\" data-id=\"0ebb6ea\" data-element_type=\"container\" data-e-type=\"container\">\n\t\t\t\t\t<div class=\"e-con-inner\">\n\t\t\t\t<div class=\"elementor-element elementor-element-260e740 elementor-widget elementor-widget-heading\" data-id=\"260e740\" data-element_type=\"widget\" data-e-type=\"widget\" data-widget_type=\"heading.default\">\n\t\t\t\t<div class=\"elementor-widget-container\">\n\t\t\t\t\t<h3 class=\"elementor-heading-title elementor-size-default\">La plateforme des<\/h3>\t\t\t\t<\/div>\n\t\t\t\t<\/div>\n\t\t\t\t<div class=\"elementor-element elementor-element-053784d elementor-widget elementor-widget-heading\" data-id=\"053784d\" data-element_type=\"widget\" data-e-type=\"widget\" data-widget_type=\"heading.default\">\n\t\t\t\t<div class=\"elementor-widget-container\">\n\t\t\t\t\t<h1 class=\"elementor-heading-title elementor-size-default\">Rapports de gestion<\/h1>\t\t\t\t<\/div>\n\t\t\t\t<\/div>\n\t\t<div class=\"elementor-element elementor-element-d64d37e e-flex e-con-boxed e-con e-child\" data-id=\"d64d37e\" data-element_type=\"container\" data-e-type=\"container\">\n\t\t\t\t\t<div class=\"e-con-inner\">\n\t\t<div class=\"elementor-element elementor-element-730cc81 e-flex e-con-boxed e-con e-child\" data-id=\"730cc81\" data-element_type=\"container\" data-e-type=\"container\" data-settings=\"{&quot;background_background&quot;:&quot;classic&quot;}\">\n\t\t\t\t\t<div class=\"e-con-inner\">\n\t\t\t\t<div class=\"elementor-element elementor-element-5d4508c elementor-widget elementor-widget-image\" data-id=\"5d4508c\" data-element_type=\"widget\" data-e-type=\"widget\" data-widget_type=\"image.default\">\n\t\t\t\t<div class=\"elementor-widget-container\">\n\t\t\t\t\t\t\t\t\t\t\t\t\t\t\t<img fetchpriority=\"high\" decoding=\"async\" width=\"512\" height=\"462\" src=\"https:\/\/rapport-valais.ch\/wp-content\/uploads\/2024\/03\/Valais_RVB_FR-512.png\" class=\"attachment-large size-large wp-image-12260\" alt=\"\" srcset=\"https:\/\/rapport-valais.ch\/wp-content\/uploads\/2024\/03\/Valais_RVB_FR-512.png 512w, https:\/\/rapport-valais.ch\/wp-content\/uploads\/2024\/03\/Valais_RVB_FR-512-300x271.png 300w\" sizes=\"(max-width: 512px) 100vw, 512px\" \/>\t\t\t\t\t\t\t\t\t\t\t\t\t\t\t<\/div>\n\t\t\t\t<\/div>\n\t\t\t\t<div class=\"elementor-element elementor-element-f809fdc elementor-widget elementor-widget-heading\" data-id=\"f809fdc\" data-element_type=\"widget\" data-e-type=\"widget\" data-widget_type=\"heading.default\">\n\t\t\t\t<div class=\"elementor-widget-container\">\n\t\t\t\t\t<h3 class=\"elementor-heading-title elementor-size-default\">Valais\/Wallis Promotion<\/h3>\t\t\t\t<\/div>\n\t\t\t\t<\/div>\n\t\t\t\t<div class=\"elementor-element elementor-element-ef2019c elementor-widget elementor-widget-text-editor\" data-id=\"ef2019c\" data-element_type=\"widget\" data-e-type=\"widget\" data-widget_type=\"text-editor.default\">\n\t\t\t\t<div class=\"elementor-widget-container\">\n\t\t\t\t\t\t\t\t\t<ul><li><a href=\"https:\/\/rapport-valais.ch\/fr\/rg-2025\/\"><strong>Rapport d&rsquo;activit\u00e9 2025<\/strong><\/a><\/li><li><a href=\"https:\/\/rapport-valais.ch\/fr\/rg-2024\/\"><strong>Rapport d&rsquo;activit\u00e9 2024<\/strong><\/a><\/li><li><strong><a href=\"https:\/\/rapport-valais.ch\/rg-2023\">Rapport d&rsquo;activit\u00e9 2023<\/a><\/strong><\/li><\/ul>\t\t\t\t\t\t\t\t<\/div>\n\t\t\t\t<\/div>\n\t\t\t\t\t<\/div>\n\t\t\t\t<\/div>\n\t\t<div class=\"elementor-element elementor-element-e7c80dc e-flex e-con-boxed e-con e-child\" data-id=\"e7c80dc\" data-element_type=\"container\" data-e-type=\"container\" data-settings=\"{&quot;background_background&quot;:&quot;classic&quot;}\">\n\t\t\t\t\t<div class=\"e-con-inner\">\n\t\t\t\t<div class=\"elementor-element elementor-element-0e031a2 elementor-widget elementor-widget-image\" data-id=\"0e031a2\" data-element_type=\"widget\" data-e-type=\"widget\" data-widget_type=\"image.default\">\n\t\t\t\t<div class=\"elementor-widget-container\">\n\t\t\t\t\t\t\t\t\t\t\t\t\t\t\t<img fetchpriority=\"high\" decoding=\"async\" width=\"512\" height=\"462\" src=\"https:\/\/rapport-valais.ch\/wp-content\/uploads\/2024\/03\/Valais_RVB_FR-512.png\" class=\"attachment-large size-large wp-image-12260\" alt=\"\" srcset=\"https:\/\/rapport-valais.ch\/wp-content\/uploads\/2024\/03\/Valais_RVB_FR-512.png 512w, https:\/\/rapport-valais.ch\/wp-content\/uploads\/2024\/03\/Valais_RVB_FR-512-300x271.png 300w\" sizes=\"(max-width: 512px) 100vw, 512px\" \/>\t\t\t\t\t\t\t\t\t\t\t\t\t\t\t<\/div>\n\t\t\t\t<\/div>\n\t\t\t\t<div class=\"elementor-element elementor-element-d3d6947 elementor-widget elementor-widget-heading\" data-id=\"d3d6947\" data-element_type=\"widget\" data-e-type=\"widget\" data-widget_type=\"heading.default\">\n\t\t\t\t<div class=\"elementor-widget-container\">\n\t\t\t\t\t<h3 class=\"elementor-heading-title elementor-size-default\">Matterhorn Region SA<\/h3>\t\t\t\t<\/div>\n\t\t\t\t<\/div>\n\t\t\t\t<div class=\"elementor-element elementor-element-f3c0585 elementor-widget elementor-widget-text-editor\" data-id=\"f3c0585\" data-element_type=\"widget\" data-e-type=\"widget\" data-widget_type=\"text-editor.default\">\n\t\t\t\t<div class=\"elementor-widget-container\">\n\t\t\t\t\t\t\t\t\t<ul><li><a href=\"https:\/\/rapport-valais.ch\/fr\/rg-mrag-2025\/\"><strong>Rapport d&rsquo;activit\u00e9 2025<\/strong><\/a><\/li><li><a href=\"https:\/\/rapport-valais.ch\/fr\/rg-mrag-2024\/\"><strong>Rapport d&rsquo;activit\u00e9 2024<\/strong><\/a><\/li><li><strong><a href=\"https:\/\/rapport-valais.ch\/fr\/mrag\/\">Rapport d&rsquo;activit\u00e9 2023<\/a><\/strong><\/li><\/ul>\t\t\t\t\t\t\t\t<\/div>\n\t\t\t\t<\/div>\n\t\t\t\t\t<\/div>\n\t\t\t\t<\/div>\n\t\t\t\t\t<\/div>\n\t\t\t\t<\/div>\n\t\t\t\t\t<\/div>\n\t\t\t\t<\/div>\n\t\t\t\t<\/div>\n\t\t","protected":false},"excerpt":{"rendered":"<p>La plateforme des Rapports de gestion Valais\/Wallis Promotion Rapport d&rsquo;activit\u00e9 2025 Rapport d&rsquo;activit\u00e9 2024 Rapport d&rsquo;activit\u00e9 2023 Matterhorn Region SA Rapport d&rsquo;activit\u00e9 2025 Rapport d&rsquo;activit\u00e9 2024 Rapport d&rsquo;activit\u00e9 2023<\/p>\n","protected":false},"author":1,"featured_media":0,"parent":0,"menu_order":0,"comment_status":"closed","ping_status":"closed","template":"","meta":{"_monsterinsights_skip_tracking":false,"_monsterinsights_sitenote_active":false,"_monsterinsights_sitenote_note":"","_monsterinsights_sitenote_category":0,"footnotes":""},"class_list":["post-13799","page","type-page","status-publish","hentry"],"yoast_head":"<!-- This site is optimized with the Yoast SEO plugin v27.5 - https:\/\/yoast.com\/product\/yoast-seo-wordpress\/ -->\n<title>Accueil &#8211; Rapport de gestion<\/title>\n<meta name=\"robots\" content=\"index, follow, max-snippet:-1, max-image-preview:large, max-video-preview:-1\" \/>\n<link rel=\"canonical\" href=\"https:\/\/rapport-valais.ch\/fr\/\" \/>\n<meta property=\"og:locale\" content=\"fr_FR\" \/>\n<meta property=\"og:type\" content=\"article\" \/>\n<meta property=\"og:title\" content=\"Accueil &#8211; Rapport de gestion\" \/>\n<meta property=\"og:description\" content=\"La plateforme des Rapports de gestion Valais\/Wallis Promotion Rapport d&rsquo;activit\u00e9 2025 Rapport d&rsquo;activit\u00e9 2024 Rapport d&rsquo;activit\u00e9 2023 Matterhorn Region SA Rapport d&rsquo;activit\u00e9 2025 Rapport d&rsquo;activit\u00e9 2024 Rapport d&rsquo;activit\u00e9 2023\" \/>\n<meta property=\"og:url\" content=\"https:\/\/rapport-valais.ch\/fr\/\" \/>\n<meta property=\"og:site_name\" content=\"Rapport de gestion\" \/>\n<meta property=\"article:modified_time\" content=\"2026-04-30T09:55:31+00:00\" \/>\n<meta property=\"og:image\" content=\"https:\/\/rapport-valais.ch\/wp-content\/uploads\/2024\/03\/Valais_RVB_FR-512.png\" \/>\n\t<meta property=\"og:image:width\" content=\"512\" \/>\n\t<meta property=\"og:image:height\" content=\"462\" \/>\n\t<meta property=\"og:image:type\" content=\"image\/png\" \/>\n<meta name=\"twitter:card\" content=\"summary_large_image\" \/>\n<meta name=\"twitter:site\" content=\"@ValaisFilmCom\" \/>\n<meta name=\"twitter:label1\" content=\"Dur\u00e9e de lecture estim\u00e9e\" \/>\n\t<meta name=\"twitter:data1\" content=\"1 minute\" \/>\n<script type=\"application\/ld+json\" class=\"yoast-schema-graph\">{\"@context\":\"https:\\\/\\\/schema.org\",\"@graph\":[{\"@type\":\"WebPage\",\"@id\":\"https:\\\/\\\/rapport-valais.ch\\\/fr\\\/\",\"url\":\"https:\\\/\\\/rapport-valais.ch\\\/fr\\\/\",\"name\":\"Accueil &#8211; Rapport de gestion\",\"isPartOf\":{\"@id\":\"https:\\\/\\\/rapport-valais.ch\\\/fr\\\/#website\"},\"primaryImageOfPage\":{\"@id\":\"https:\\\/\\\/rapport-valais.ch\\\/fr\\\/#primaryimage\"},\"image\":{\"@id\":\"https:\\\/\\\/rapport-valais.ch\\\/fr\\\/#primaryimage\"},\"thumbnailUrl\":\"https:\\\/\\\/rapport-valais.ch\\\/wp-content\\\/uploads\\\/2024\\\/03\\\/Valais_RVB_FR-512.png\",\"datePublished\":\"2024-04-29T09:44:25+00:00\",\"dateModified\":\"2026-04-30T09:55:31+00:00\",\"breadcrumb\":{\"@id\":\"https:\\\/\\\/rapport-valais.ch\\\/fr\\\/#breadcrumb\"},\"inLanguage\":\"fr-FR\",\"potentialAction\":[{\"@type\":\"ReadAction\",\"target\":[\"https:\\\/\\\/rapport-valais.ch\\\/fr\\\/\"]}]},{\"@type\":\"ImageObject\",\"inLanguage\":\"fr-FR\",\"@id\":\"https:\\\/\\\/rapport-valais.ch\\\/fr\\\/#primaryimage\",\"url\":\"https:\\\/\\\/rapport-valais.ch\\\/wp-content\\\/uploads\\\/2024\\\/03\\\/Valais_RVB_FR-512.png\",\"contentUrl\":\"https:\\\/\\\/rapport-valais.ch\\\/wp-content\\\/uploads\\\/2024\\\/03\\\/Valais_RVB_FR-512.png\"},{\"@type\":\"BreadcrumbList\",\"@id\":\"https:\\\/\\\/rapport-valais.ch\\\/fr\\\/#breadcrumb\",\"itemListElement\":[{\"@type\":\"ListItem\",\"position\":1,\"name\":\"Home\",\"item\":\"https:\\\/\\\/rapport-valais.ch\\\/fr\\\/\"},{\"@type\":\"ListItem\",\"position\":2,\"name\":\"Accueil\"}]},{\"@type\":\"WebSite\",\"@id\":\"https:\\\/\\\/rapport-valais.ch\\\/fr\\\/#website\",\"url\":\"https:\\\/\\\/rapport-valais.ch\\\/fr\\\/\",\"name\":\"Rapport de gestion\",\"description\":\"\",\"publisher\":{\"@id\":\"https:\\\/\\\/rapport-valais.ch\\\/fr\\\/#organization\"},\"potentialAction\":[{\"@type\":\"SearchAction\",\"target\":{\"@type\":\"EntryPoint\",\"urlTemplate\":\"https:\\\/\\\/rapport-valais.ch\\\/fr\\\/?s={search_term_string}\"},\"query-input\":{\"@type\":\"PropertyValueSpecification\",\"valueRequired\":true,\"valueName\":\"search_term_string\"}}],\"inLanguage\":\"fr-FR\"},{\"@type\":\"Organization\",\"@id\":\"https:\\\/\\\/rapport-valais.ch\\\/fr\\\/#organization\",\"name\":\"Valais Film Commission\",\"url\":\"https:\\\/\\\/rapport-valais.ch\\\/fr\\\/\",\"logo\":{\"@type\":\"ImageObject\",\"inLanguage\":\"fr-FR\",\"@id\":\"https:\\\/\\\/rapport-valais.ch\\\/fr\\\/#\\\/schema\\\/logo\\\/image\\\/\",\"url\":\"https:\\\/\\\/rapport-valais.ch\\\/wp-content\\\/uploads\\\/2020\\\/07\\\/Valais_FR.svg\",\"contentUrl\":\"https:\\\/\\\/rapport-valais.ch\\\/wp-content\\\/uploads\\\/2020\\\/07\\\/Valais_FR.svg\",\"width\":1,\"height\":1,\"caption\":\"Valais Film Commission\"},\"image\":{\"@id\":\"https:\\\/\\\/rapport-valais.ch\\\/fr\\\/#\\\/schema\\\/logo\\\/image\\\/\"},\"sameAs\":[\"https:\\\/\\\/x.com\\\/ValaisFilmCom\",\"https:\\\/\\\/www.instagram.com\\\/valaisfilmcommission\\\/\"]}]}<\/script>\n<!-- \/ Yoast SEO plugin. -->","yoast_head_json":{"title":"Accueil &#8211; Rapport de gestion","robots":{"index":"index","follow":"follow","max-snippet":"max-snippet:-1","max-image-preview":"max-image-preview:large","max-video-preview":"max-video-preview:-1"},"canonical":"https:\/\/rapport-valais.ch\/fr\/","og_locale":"fr_FR","og_type":"article","og_title":"Accueil &#8211; Rapport de gestion","og_description":"La plateforme des Rapports de gestion Valais\/Wallis Promotion Rapport d&rsquo;activit\u00e9 2025 Rapport d&rsquo;activit\u00e9 2024 Rapport d&rsquo;activit\u00e9 2023 Matterhorn Region SA Rapport d&rsquo;activit\u00e9 2025 Rapport d&rsquo;activit\u00e9 2024 Rapport d&rsquo;activit\u00e9 2023","og_url":"https:\/\/rapport-valais.ch\/fr\/","og_site_name":"Rapport de gestion","article_modified_time":"2026-04-30T09:55:31+00:00","og_image":[{"width":512,"height":462,"url":"https:\/\/rapport-valais.ch\/wp-content\/uploads\/2024\/03\/Valais_RVB_FR-512.png","type":"image\/png"}],"twitter_card":"summary_large_image","twitter_site":"@ValaisFilmCom","twitter_misc":{"Dur\u00e9e de lecture estim\u00e9e":"1 minute"},"schema":{"@context":"https:\/\/schema.org","@graph":[{"@type":"WebPage","@id":"https:\/\/rapport-valais.ch\/fr\/","url":"https:\/\/rapport-valais.ch\/fr\/","name":"Accueil &#8211; Rapport de gestion","isPartOf":{"@id":"https:\/\/rapport-valais.ch\/fr\/#website"},"primaryImageOfPage":{"@id":"https:\/\/rapport-valais.ch\/fr\/#primaryimage"},"image":{"@id":"https:\/\/rapport-valais.ch\/fr\/#primaryimage"},"thumbnailUrl":"https:\/\/rapport-valais.ch\/wp-content\/uploads\/2024\/03\/Valais_RVB_FR-512.png","datePublished":"2024-04-29T09:44:25+00:00","dateModified":"2026-04-30T09:55:31+00:00","breadcrumb":{"@id":"https:\/\/rapport-valais.ch\/fr\/#breadcrumb"},"inLanguage":"fr-FR","potentialAction":[{"@type":"ReadAction","target":["https:\/\/rapport-valais.ch\/fr\/"]}]},{"@type":"ImageObject","inLanguage":"fr-FR","@id":"https:\/\/rapport-valais.ch\/fr\/#primaryimage","url":"https:\/\/rapport-valais.ch\/wp-content\/uploads\/2024\/03\/Valais_RVB_FR-512.png","contentUrl":"https:\/\/rapport-valais.ch\/wp-content\/uploads\/2024\/03\/Valais_RVB_FR-512.png"},{"@type":"BreadcrumbList","@id":"https:\/\/rapport-valais.ch\/fr\/#breadcrumb","itemListElement":[{"@type":"ListItem","position":1,"name":"Home","item":"https:\/\/rapport-valais.ch\/fr\/"},{"@type":"ListItem","position":2,"name":"Accueil"}]},{"@type":"WebSite","@id":"https:\/\/rapport-valais.ch\/fr\/#website","url":"https:\/\/rapport-valais.ch\/fr\/","name":"Rapport de gestion","description":"","publisher":{"@id":"https:\/\/rapport-valais.ch\/fr\/#organization"},"potentialAction":[{"@type":"SearchAction","target":{"@type":"EntryPoint","urlTemplate":"https:\/\/rapport-valais.ch\/fr\/?s={search_term_string}"},"query-input":{"@type":"PropertyValueSpecification","valueRequired":true,"valueName":"search_term_string"}}],"inLanguage":"fr-FR"},{"@type":"Organization","@id":"https:\/\/rapport-valais.ch\/fr\/#organization","name":"Valais Film Commission","url":"https:\/\/rapport-valais.ch\/fr\/","logo":{"@type":"ImageObject","inLanguage":"fr-FR","@id":"https:\/\/rapport-valais.ch\/fr\/#\/schema\/logo\/image\/","url":"https:\/\/rapport-valais.ch\/wp-content\/uploads\/2020\/07\/Valais_FR.svg","contentUrl":"https:\/\/rapport-valais.ch\/wp-content\/uploads\/2020\/07\/Valais_FR.svg","width":1,"height":1,"caption":"Valais Film Commission"},"image":{"@id":"https:\/\/rapport-valais.ch\/fr\/#\/schema\/logo\/image\/"},"sameAs":["https:\/\/x.com\/ValaisFilmCom","https:\/\/www.instagram.com\/valaisfilmcommission\/"]}]}},"_links":{"self":[{"href":"https:\/\/rapport-valais.ch\/fr\/wp-json\/wp\/v2\/pages\/13799","targetHints":{"allow":["GET"]}}],"collection":[{"href":"https:\/\/rapport-valais.ch\/fr\/wp-json\/wp\/v2\/pages"}],"about":[{"href":"https:\/\/rapport-valais.ch\/fr\/wp-json\/wp\/v2\/types\/page"}],"author":[{"embeddable":true,"href":"https:\/\/rapport-valais.ch\/fr\/wp-json\/wp\/v2\/users\/1"}],"replies":[{"embeddable":true,"href":"https:\/\/rapport-valais.ch\/fr\/wp-json\/wp\/v2\/comments?post=13799"}],"version-history":[{"count":40,"href":"https:\/\/rapport-valais.ch\/fr\/wp-json\/wp\/v2\/pages\/13799\/revisions"}],"predecessor-version":[{"id":17409,"href":"https:\/\/rapport-valais.ch\/fr\/wp-json\/wp\/v2\/pages\/13799\/revisions\/17409"}],"wp:attachment":[{"href":"https:\/\/rapport-valais.ch\/fr\/wp-json\/wp\/v2\/media?parent=13799"}],"curies":[{"name":"wp","href":"https:\/\/api.w.org\/{rel}","templated":true}]}}